{"id":6,"date":"2013-11-08T13:50:41","date_gmt":"2013-11-08T12:50:41","guid":{"rendered":"http:\/\/espanavision.com\/blog\/?page_id=6"},"modified":"2016-05-10T23:44:22","modified_gmt":"2016-05-10T21:44:22","slug":"quienes-somos","status":"publish","type":"page","link":"https:\/\/espanavision.com\/blog\/quienes-somos\/","title":{"rendered":"\u00bfQui\u00e9nes somos?"},"content":{"rendered":"<p>En <strong>Espa\u00f1a Visi\u00f3n<\/strong> llevamos 20 a\u00f1os organizando viajes de todo tipo, desde los hoteles m\u00e1s econ\u00f3micos a los de mayor categor\u00eda y siempre hemos apostado por la<strong> MEJOR RELACI\u00d3N CALIDAD\/PRECIO<\/strong>.<\/p>\n<p><span style=\"font-size: 1rem; line-height: 1.714285714;\"><a title=\"Web de Espa\u00f1a Visi\u00f3n\" href=\"http:\/\/espanavision.com\/web\/\" target=\"_blank\">Espa\u00f1a Visi\u00f3n<\/a> es la mejor opci\u00f3n para sus Vacaciones porque le ofrecemos:\u00a0<\/span><\/p>\n<ul>\n<li>La mejor relaci\u00f3n Calidad \/ Precio del mercado. Incluyendo la mayor cantidad de servicios en nuestros Precios: excursiones, entradas a monumentos, comidas, etc.<\/li>\n<li>La mayor oferta de Salidas Garantizadas desde Febrero a Diciembre, no solo en verano como el resto.<\/li>\n<li>La seriedad en la Gesti\u00f3n que nos llev\u00f3 a ser uno de los primeros en Certificarnos en Calidad<\/li>\n<\/ul>\n<h3>Especialistas en:\u00a0Viajes para grupos y Viajes para mayores<\/h3>\n<p style=\"text-align: center;\"><a href=\"http:\/\/espanavision.com\/blog\/wp-content\/uploads\/2013\/11\/logo-espanavision.jpg\"><img loading=\"lazy\" decoding=\"async\" class=\"size-medium wp-image-13 aligncenter\" title=\"Logo Espa\u00f1a Visi\u00f3n Mayorista de viajes para mayores y viajes en grupos\" src=\"http:\/\/espanavision.com\/blog\/wp-content\/uploads\/2013\/11\/logo-espanavision-300x78.jpg\" alt=\"logo-espanavision\" width=\"300\" height=\"78\" srcset=\"https:\/\/espanavision.com\/blog\/wp-content\/uploads\/2013\/11\/logo-espanavision-300x78.jpg 300w, https:\/\/espanavision.com\/blog\/wp-content\/uploads\/2013\/11\/logo-espanavision-624x162.jpg 624w, https:\/\/espanavision.com\/blog\/wp-content\/uploads\/2013\/11\/logo-espanavision.jpg 700w\" sizes=\"auto, (max-width: 300px) 100vw, 300px\" \/><\/a><\/p>\n","protected":false},"excerpt":{"rendered":"<p>En Espa\u00f1a Visi\u00f3n llevamos 20 a\u00f1os organizando viajes de todo tipo, desde los hoteles m\u00e1s econ\u00f3micos a los de mayor categor\u00eda y siempre hemos apostado por la MEJOR RELACI\u00d3N CALIDAD\/PRECIO. Espa\u00f1a Visi\u00f3n es la mejor opci\u00f3n para sus Vacaciones porque le ofrecemos:\u00a0 La mejor relaci\u00f3n Calidad \/ Precio del mercado. Incluyendo la mayor cantidad de [&hellip;]<\/p>\n","protected":false},"author":1,"featured_media":0,"parent":0,"menu_order":0,"comment_status":"open","ping_status":"open","template":"","meta":{"jetpack_post_was_ever_published":false,"footnotes":""},"class_list":["post-6","page","type-page","status-publish","hentry"],"yoast_head":"<!-- This site is optimized with the Yoast SEO plugin v26.9 - https:\/\/yoast.com\/product\/yoast-seo-wordpress\/ -->\n<title>\u00bfQui\u00e9nes somos?<\/title>\n<meta name=\"robots\" content=\"index, follow, max-snippet:-1, max-image-preview:large, max-video-preview:-1\" \/>\n<link rel=\"canonical\" href=\"http:\/\/espanavision.com\/blog\/quienes-somos\/\" \/>\n<meta property=\"og:locale\" content=\"es_ES\" \/>\n<meta property=\"og:type\" content=\"article\" \/>\n<meta property=\"og:title\" content=\"\u00bfQui\u00e9nes somos?\" \/>\n<meta property=\"og:description\" content=\"En Espa\u00f1a Visi\u00f3n llevamos 20 a\u00f1os organizando viajes de todo tipo, desde los hoteles m\u00e1s econ\u00f3micos a los de mayor categor\u00eda y siempre hemos apostado por la MEJOR RELACI\u00d3N CALIDAD\/PRECIO. Espa\u00f1a Visi\u00f3n es la mejor opci\u00f3n para sus Vacaciones porque le ofrecemos:\u00a0 La mejor relaci\u00f3n Calidad \/ Precio del mercado. Incluyendo la mayor cantidad de [&hellip;]\" \/>\n<meta property=\"og:url\" content=\"http:\/\/espanavision.com\/blog\/quienes-somos\/\" \/>\n<meta property=\"og:site_name\" content=\"Espa\u00f1aVisi\u00f3n. Mayorista de viajes.\" \/>\n<meta property=\"article:publisher\" content=\"https:\/\/www.facebook.com\/Espanavisionviajes\" \/>\n<meta property=\"article:modified_time\" content=\"2016-05-10T21:44:22+00:00\" \/>\n<meta property=\"og:image\" content=\"http:\/\/espanavision.com\/blog\/wp-content\/uploads\/2013\/11\/logo-espanavision-300x78.jpg\" \/>\n<meta name=\"twitter:label1\" content=\"Tiempo de lectura\" \/>\n\t<meta name=\"twitter:data1\" content=\"1 minuto\" \/>\n<script type=\"application\/ld+json\" class=\"yoast-schema-graph\">{\"@context\":\"https:\/\/schema.org\",\"@graph\":[{\"@type\":\"WebPage\",\"@id\":\"http:\/\/espanavision.com\/blog\/quienes-somos\/\",\"url\":\"http:\/\/espanavision.com\/blog\/quienes-somos\/\",\"name\":\"\u00bfQui\u00e9nes somos?\",\"isPartOf\":{\"@id\":\"https:\/\/espanavision.com\/blog\/#website\"},\"primaryImageOfPage\":{\"@id\":\"http:\/\/espanavision.com\/blog\/quienes-somos\/#primaryimage\"},\"image\":{\"@id\":\"http:\/\/espanavision.com\/blog\/quienes-somos\/#primaryimage\"},\"thumbnailUrl\":\"http:\/\/espanavision.com\/blog\/wp-content\/uploads\/2013\/11\/logo-espanavision-300x78.jpg\",\"datePublished\":\"2013-11-08T12:50:41+00:00\",\"dateModified\":\"2016-05-10T21:44:22+00:00\",\"breadcrumb\":{\"@id\":\"http:\/\/espanavision.com\/blog\/quienes-somos\/#breadcrumb\"},\"inLanguage\":\"es\",\"potentialAction\":[{\"@type\":\"ReadAction\",\"target\":[\"http:\/\/espanavision.com\/blog\/quienes-somos\/\"]}]},{\"@type\":\"ImageObject\",\"inLanguage\":\"es\",\"@id\":\"http:\/\/espanavision.com\/blog\/quienes-somos\/#primaryimage\",\"url\":\"https:\/\/espanavision.com\/blog\/wp-content\/uploads\/2013\/11\/logo-espanavision.jpg\",\"contentUrl\":\"https:\/\/espanavision.com\/blog\/wp-content\/uploads\/2013\/11\/logo-espanavision.jpg\",\"width\":700,\"height\":182},{\"@type\":\"BreadcrumbList\",\"@id\":\"http:\/\/espanavision.com\/blog\/quienes-somos\/#breadcrumb\",\"itemListElement\":[{\"@type\":\"ListItem\",\"position\":1,\"name\":\"Portada\",\"item\":\"https:\/\/espanavision.com\/blog\/\"},{\"@type\":\"ListItem\",\"position\":2,\"name\":\"\u00bfQui\u00e9nes somos?\"}]},{\"@type\":\"WebSite\",\"@id\":\"https:\/\/espanavision.com\/blog\/#website\",\"url\":\"https:\/\/espanavision.com\/blog\/\",\"name\":\"Espa\u00f1aVisi\u00f3n. Mayorista de viajes.\",\"description\":\"circuitos en autob\u00fas por Espa\u00f1a, Portugal, Francia.\",\"potentialAction\":[{\"@type\":\"SearchAction\",\"target\":{\"@type\":\"EntryPoint\",\"urlTemplate\":\"https:\/\/espanavision.com\/blog\/?s={search_term_string}\"},\"query-input\":{\"@type\":\"PropertyValueSpecification\",\"valueRequired\":true,\"valueName\":\"search_term_string\"}}],\"inLanguage\":\"es\"}]}<\/script>\n<!-- \/ Yoast SEO plugin. -->","yoast_head_json":{"title":"\u00bfQui\u00e9nes somos?","robots":{"index":"index","follow":"follow","max-snippet":"max-snippet:-1","max-image-preview":"max-image-preview:large","max-video-preview":"max-video-preview:-1"},"canonical":"http:\/\/espanavision.com\/blog\/quienes-somos\/","og_locale":"es_ES","og_type":"article","og_title":"\u00bfQui\u00e9nes somos?","og_description":"En Espa\u00f1a Visi\u00f3n llevamos 20 a\u00f1os organizando viajes de todo tipo, desde los hoteles m\u00e1s econ\u00f3micos a los de mayor categor\u00eda y siempre hemos apostado por la MEJOR RELACI\u00d3N CALIDAD\/PRECIO. Espa\u00f1a Visi\u00f3n es la mejor opci\u00f3n para sus Vacaciones porque le ofrecemos:\u00a0 La mejor relaci\u00f3n Calidad \/ Precio del mercado. Incluyendo la mayor cantidad de [&hellip;]","og_url":"http:\/\/espanavision.com\/blog\/quienes-somos\/","og_site_name":"Espa\u00f1aVisi\u00f3n. Mayorista de viajes.","article_publisher":"https:\/\/www.facebook.com\/Espanavisionviajes","article_modified_time":"2016-05-10T21:44:22+00:00","og_image":[{"url":"http:\/\/espanavision.com\/blog\/wp-content\/uploads\/2013\/11\/logo-espanavision-300x78.jpg","type":"","width":"","height":""}],"twitter_misc":{"Tiempo de lectura":"1 minuto"},"schema":{"@context":"https:\/\/schema.org","@graph":[{"@type":"WebPage","@id":"http:\/\/espanavision.com\/blog\/quienes-somos\/","url":"http:\/\/espanavision.com\/blog\/quienes-somos\/","name":"\u00bfQui\u00e9nes somos?","isPartOf":{"@id":"https:\/\/espanavision.com\/blog\/#website"},"primaryImageOfPage":{"@id":"http:\/\/espanavision.com\/blog\/quienes-somos\/#primaryimage"},"image":{"@id":"http:\/\/espanavision.com\/blog\/quienes-somos\/#primaryimage"},"thumbnailUrl":"http:\/\/espanavision.com\/blog\/wp-content\/uploads\/2013\/11\/logo-espanavision-300x78.jpg","datePublished":"2013-11-08T12:50:41+00:00","dateModified":"2016-05-10T21:44:22+00:00","breadcrumb":{"@id":"http:\/\/espanavision.com\/blog\/quienes-somos\/#breadcrumb"},"inLanguage":"es","potentialAction":[{"@type":"ReadAction","target":["http:\/\/espanavision.com\/blog\/quienes-somos\/"]}]},{"@type":"ImageObject","inLanguage":"es","@id":"http:\/\/espanavision.com\/blog\/quienes-somos\/#primaryimage","url":"https:\/\/espanavision.com\/blog\/wp-content\/uploads\/2013\/11\/logo-espanavision.jpg","contentUrl":"https:\/\/espanavision.com\/blog\/wp-content\/uploads\/2013\/11\/logo-espanavision.jpg","width":700,"height":182},{"@type":"BreadcrumbList","@id":"http:\/\/espanavision.com\/blog\/quienes-somos\/#breadcrumb","itemListElement":[{"@type":"ListItem","position":1,"name":"Portada","item":"https:\/\/espanavision.com\/blog\/"},{"@type":"ListItem","position":2,"name":"\u00bfQui\u00e9nes somos?"}]},{"@type":"WebSite","@id":"https:\/\/espanavision.com\/blog\/#website","url":"https:\/\/espanavision.com\/blog\/","name":"Espa\u00f1aVisi\u00f3n. Mayorista de viajes.","description":"circuitos en autob\u00fas por Espa\u00f1a, Portugal, Francia.","potentialAction":[{"@type":"SearchAction","target":{"@type":"EntryPoint","urlTemplate":"https:\/\/espanavision.com\/blog\/?s={search_term_string}"},"query-input":{"@type":"PropertyValueSpecification","valueRequired":true,"valueName":"search_term_string"}}],"inLanguage":"es"}]}},"jetpack_sharing_enabled":false,"jetpack_shortlink":"https:\/\/wp.me\/P457iN-6","_links":{"self":[{"href":"https:\/\/espanavision.com\/blog\/wp-json\/wp\/v2\/pages\/6","targetHints":{"allow":["GET"]}}],"collection":[{"href":"https:\/\/espanavision.com\/blog\/wp-json\/wp\/v2\/pages"}],"about":[{"href":"https:\/\/espanavision.com\/blog\/wp-json\/wp\/v2\/types\/page"}],"author":[{"embeddable":true,"href":"https:\/\/espanavision.com\/blog\/wp-json\/wp\/v2\/users\/1"}],"replies":[{"embeddable":true,"href":"https:\/\/espanavision.com\/blog\/wp-json\/wp\/v2\/comments?post=6"}],"version-history":[{"count":6,"href":"https:\/\/espanavision.com\/blog\/wp-json\/wp\/v2\/pages\/6\/revisions"}],"predecessor-version":[{"id":1023,"href":"https:\/\/espanavision.com\/blog\/wp-json\/wp\/v2\/pages\/6\/revisions\/1023"}],"wp:attachment":[{"href":"https:\/\/espanavision.com\/blog\/wp-json\/wp\/v2\/media?parent=6"}],"curies":[{"name":"wp","href":"https:\/\/api.w.org\/{rel}","templated":true}]}}